{"id":1048,"date":"2019-06-13T17:10:43","date_gmt":"2019-06-13T15:10:43","guid":{"rendered":"http:\/\/www.loireenscene.org\/?page_id=1048"},"modified":"2026-04-02T11:02:16","modified_gmt":"2026-04-02T09:02:16","slug":"programme","status":"publish","type":"page","link":"https:\/\/www.loireenscene.org\/index.php\/programme\/","title":{"rendered":"La Journ\u00e9e Pro"},"content":{"rendered":"\n\n\t\n\t<h3>JEUDI 8 OCTOBRE 2026<br \/>\nLa Passerelle (42)<br \/>\nRue du 11 novembre 42170 Saint Just Saint Rambert<\/h3>\n<h2>\n\t\tEDITO\n\t<\/h2>\n\t<p>Cette \u00e9dition se tient \u00e0 La Passerelle \u00e0 Saint Just Saint Rambert , dans un format enti\u00e8rement d\u00e9di\u00e9 \u00e0 la pr\u00e9sentation de projets de cr\u00e9ation port\u00e9s par des compagnies lig\u00e9riennes, appel\u00e9s \u00e0 voir le jour avant fin juin 2028.<\/p>\n<p>Tout au long de la journ\u00e9e, ces projets sont d\u00e9voil\u00e9s au public professionnel &#8211; programmateur\u00b7ice\u00b7s, lieux culturels, partenaires &#8211; dans une dynamique de rep\u00e9rage, de mise en r\u00e9seau et de soutien \u00e0 la cr\u00e9ation. Ce moment de rencontres et d&rsquo;\u00e9changes concrets permet de renforcer les liens entre celles et ceux qui font vivre la culture sur le territoire.<\/p>\n<p>Dans un contexte marqu\u00e9 par les incertitudes \u00e9conomiques, \u00e9cologiques et sociales, nous affirmons ici, collectivement, notre volont\u00e9 de coop\u00e9rer autrement, plus durablement, en partageant nos ressources et en valorisant les artistes de proximit\u00e9.<\/p>\n<p>Heureux\u00b7ses de vous retrouver.<\/p>\n<p>Bienvenue \u00e0 toutes et \u00e0 tous.<\/p>\n\n\tInscriptions r\u00e9serv\u00e9es aux programmateurs\u00b7rices<br \/>\n(PLACES LIMIT\u00c9ES)\n\n<strong>LIEUX <\/strong><br \/>\nA la Passerelle (42)<br \/>\nRue du 11 novembre 42170 SAINT JUST SAINT RAMBERT\n\n","protected":false},"excerpt":{"rendered":"<p>JEUDI 8 OCTOBRE 2026 La Passerelle (42) Rue du 11 novembre 42170 Saint Just Saint Rambert EDITO Cette \u00e9dition se tient \u00e0 La Passerelle \u00e0 Saint Just Saint Rambert , dans un format enti\u00e8rement d\u00e9di\u00e9 \u00e0 la pr\u00e9sentation de projets de cr\u00e9ation port\u00e9s par des compagnies lig\u00e9riennes, appel\u00e9s \u00e0 voir le jour avant fin juin&hellip; <a href=\"https:\/\/www.loireenscene.org\/index.php\/programme\/\" class=\"more-link\">Lire la suite <span class=\"screen-reader-text\">La Journ\u00e9e Pro<\/span><\/a><\/p>\n","protected":false},"author":1,"featured_media":0,"parent":0,"menu_order":0,"comment_status":"closed","ping_status":"closed","template":"","meta":{"spay_email":"","footnotes":""},"tags":[],"_links":{"self":[{"href":"https:\/\/www.loireenscene.org\/index.php\/wp-json\/wp\/v2\/pages\/1048"}],"collection":[{"href":"https:\/\/www.loireenscene.org\/index.php\/wp-json\/wp\/v2\/pages"}],"about":[{"href":"https:\/\/www.loireenscene.org\/index.php\/wp-json\/wp\/v2\/types\/page"}],"author":[{"embeddable":true,"href":"https:\/\/www.loireenscene.org\/index.php\/wp-json\/wp\/v2\/users\/1"}],"replies":[{"embeddable":true,"href":"https:\/\/www.loireenscene.org\/index.php\/wp-json\/wp\/v2\/comments?post=1048"}],"version-history":[{"count":49,"href":"https:\/\/www.loireenscene.org\/index.php\/wp-json\/wp\/v2\/pages\/1048\/revisions"}],"predecessor-version":[{"id":3598,"href":"https:\/\/www.loireenscene.org\/index.php\/wp-json\/wp\/v2\/pages\/1048\/revisions\/3598"}],"wp:attachment":[{"href":"https:\/\/www.loireenscene.org\/index.php\/wp-json\/wp\/v2\/media?parent=1048"}],"wp:term":[{"taxonomy":"post_tag","embeddable":true,"href":"https:\/\/www.loireenscene.org\/index.php\/wp-json\/wp\/v2\/tags?post=1048"}],"curies":[{"name":"wp","href":"https:\/\/api.w.org\/{rel}","templated":true}]}}