{"id":19,"date":"2017-09-25T11:38:34","date_gmt":"2017-09-25T09:38:34","guid":{"rendered":"http:\/\/www.loireenscene.org\/?page_id=19"},"modified":"2025-09-25T12:19:18","modified_gmt":"2025-09-25T10:19:18","slug":"bienvenue-sur-le-site-de-lassociation-loire-en-scene","status":"publish","type":"page","link":"https:\/\/www.loireenscene.org\/","title":{"rendered":"Accueil"},"content":{"rendered":"\n\n\t\n<p><strong>Le r\u00e9seau Loire en sc\u00e8ne <\/strong>est une association loi 1901 qui regroupe un ensemble de professionnel\u00b7le\u00b7s repr\u00e9sentant les lieux de cr\u00e9ation et de diffusion artistique et culturelle, agissant dans le domaine du spectacle vivant, implant\u00e9s sur le d\u00e9partement de la Loire et ouvert \u00e0 nos coll\u00e8gues altilig\u00e9rien\u00b7ne\u2022s de Monistrol-sur-Loire.<\/p>\n\t<p>L&rsquo;ensemble des adh\u00e9rent\u00b7e\u00b7s partage une pr\u00e9occupation commune d&rsquo;\u00e9largissement des publics, de notion de service public de la culture et d&rsquo;aide \u00e0 la cr\u00e9ation avec une attention particuli\u00e8re, mais non exclusive orient\u00e9e vers les artistes lig\u00e9rien\u2022ne\u2022s.<\/p>\n\t\n<ul>\n<li>L&rsquo;organisation de rencontres professionnelles pour promouvoir la cr\u00e9ation des compagnies lig\u00e9riennes et auvergnates.<\/li>\n<li>Un soutien \u00e0 la danse et aux artistes chor\u00e9graphiques du territoire \u00e0 travers la 1\u00e8re \u00e9dition d&rsquo;un festival d\u00e9di\u00e9. Du 5 au 21 mars 2026, ce seront pr\u00e8s de 35 repr\u00e9sentations qui vous seront propos\u00e9es dans un esprit de partage et de f\u00eate : Alors, on danse !<\/li>\n<\/ul>\n<p>T\u00e9l\u00e9chargez notre documentation pour en savoir plus!<\/p>\n\t\t\t<a href=\"https:\/\/www.loireenscene.org\/wp-content\/uploads\/2025\/09\/Rencontres-pro-LES-2025-prog-web.pdf\" download target=\"_self\" role=\"button\" rel=\"noopener\">\n\t\t\t\t\t\tRencontres professionnelles\n\t\t\t\t\t<\/a>\n\n","protected":false},"excerpt":{"rendered":"<p>Le r\u00e9seau Loire en sc\u00e8ne est une association loi 1901 qui regroupe un ensemble de professionnel\u00b7le\u00b7s repr\u00e9sentant les lieux de cr\u00e9ation et de diffusion artistique et culturelle, agissant dans le domaine du spectacle vivant, implant\u00e9s sur le d\u00e9partement de la Loire et ouvert \u00e0 nos coll\u00e8gues altilig\u00e9rien\u00b7ne\u2022s de Monistrol-sur-Loire. L&rsquo;ensemble des adh\u00e9rent\u00b7e\u00b7s partage une pr\u00e9occupation&hellip; <a href=\"https:\/\/www.loireenscene.org\/\" class=\"more-link\">Lire la suite <span class=\"screen-reader-text\">Accueil<\/span><\/a><\/p>\n","protected":false},"author":1,"featured_media":0,"parent":0,"menu_order":0,"comment_status":"closed","ping_status":"closed","template":"","meta":{"spay_email":"","footnotes":""},"tags":[],"_links":{"self":[{"href":"https:\/\/www.loireenscene.org\/index.php\/wp-json\/wp\/v2\/pages\/19"}],"collection":[{"href":"https:\/\/www.loireenscene.org\/index.php\/wp-json\/wp\/v2\/pages"}],"about":[{"href":"https:\/\/www.loireenscene.org\/index.php\/wp-json\/wp\/v2\/types\/page"}],"author":[{"embeddable":true,"href":"https:\/\/www.loireenscene.org\/index.php\/wp-json\/wp\/v2\/users\/1"}],"replies":[{"embeddable":true,"href":"https:\/\/www.loireenscene.org\/index.php\/wp-json\/wp\/v2\/comments?post=19"}],"version-history":[{"count":46,"href":"https:\/\/www.loireenscene.org\/index.php\/wp-json\/wp\/v2\/pages\/19\/revisions"}],"predecessor-version":[{"id":3572,"href":"https:\/\/www.loireenscene.org\/index.php\/wp-json\/wp\/v2\/pages\/19\/revisions\/3572"}],"wp:attachment":[{"href":"https:\/\/www.loireenscene.org\/index.php\/wp-json\/wp\/v2\/media?parent=19"}],"wp:term":[{"taxonomy":"post_tag","embeddable":true,"href":"https:\/\/www.loireenscene.org\/index.php\/wp-json\/wp\/v2\/tags?post=19"}],"curies":[{"name":"wp","href":"https:\/\/api.w.org\/{rel}","templated":true}]}}