{"id":536,"date":"2019-06-11T09:24:29","date_gmt":"2019-06-11T07:24:29","guid":{"rendered":"http:\/\/www.loireenscene.org\/?page_id=536"},"modified":"2026-04-02T17:28:22","modified_gmt":"2026-04-02T15:28:22","slug":"15-structures","status":"publish","type":"page","link":"https:\/\/www.loireenscene.org\/index.php\/15-structures\/","title":{"rendered":"Nos structures"},"content":{"rendered":"\n\n\t<strong>Th\u00e9\u00e2tre du parc<\/strong><br \/>\n1, avenue du Parc<br \/>\n42160 Andr\u00e9zieux-Bouth\u00e9on<br \/>\n<a href=\"http:\/\/www.theatreduparc.com\/\" target=\"_blank\" rel=\"noopener noreferrer\">www.theatreduparc.com<\/a>\n<strong>Espace culturel La Buire &#8211; l&rsquo;Horme<\/strong><br \/>\nPlace Lanet<br \/>\n42152 L&rsquo;Horme<br \/>\n<a href=\"http:\/\/www.ville-horme.fr\/\" target=\"_blank\" rel=\"noopener noreferrer\">www.ville-horme.fr<\/a>\n<strong>Saison Culturelle de Monistrol-sur-Loire<\/strong><br \/>\n9, rue de Chabron<br \/>\n43120 Monistrol-sur-Loire<br \/>\n<a href=\"http:\/\/www.mairie-monistrol-sur-loire.fr\/\" target=\"_blank\" rel=\"noopener noreferrer\">www.mairie-monistrol-sur-loire.fr<\/a>\n<strong>Th\u00e9\u00e2tre des P\u00e9nitents<\/strong><br \/>\nPlace des p\u00e9nitents<br \/>\n42600 Montbrison<br \/>\n<a href=\"http:\/\/www.theatredespenitents.fr\/\" target=\"_blank\" rel=\"noopener noreferrer\">www.theatredespenitents.fr<\/a>\n<strong>Chok Th\u00e9\u00e2tre<\/strong><br \/>\n24, rue Bernard Palissy<br \/>\n42100 Saint-\u00c9tienne<br \/>\n<a href=\"http:\/\/www.choktheatre.com\/\" target=\"_blank\" rel=\"noopener noreferrer\">www.choktheatre.com<\/a>\n<strong>Th\u00e9\u00e2tre Le Verso<\/strong><br \/>\n61, rue de la Richelandi\u00e8re<br \/>\n42100 Saint-\u00c9tienne<br \/>\n<a href=\"http:\/\/www.travellingtheatreleverso.fr\" target=\"_blank\" rel=\"noopener noreferrer\">www.travellingtheatreleverso.fr<\/a>\n<strong>La Com\u00e9die<\/strong><br \/>\nPlace Jean Dast\u00e9<br \/>\n42000 Saint-\u00c9tienne<br \/>\n<a href=\"http:\/\/www.lacomedie.fr\/\" target=\"_blank\" rel=\"noopener noreferrer\">www.lacomedie.fr<\/a>\n<strong>Saison Culturelle de Saint-Genest-Lerpt<\/strong><br \/>\nRue Bonnardel<br \/>\n42530 Saint-Genest-Lerpt<br \/>\n<a href=\"http:\/\/www.ville-st-genest-lerpt.fr\/\" target=\"_blank\" rel=\"noopener noreferrer\">www.ville-st-genest-lerpt.fr<\/a>\n<strong>Saison intercommunale Sorbiers \/ Saint-Jean-Bonnefonds<br \/>\n<\/strong><strong>L&rsquo;\u00e9chapp\u00e9<\/strong><br \/>\n17, avenue Charles de Gaulle<br \/>\n42290 Sorbiers<br \/>\n<a href=\"http:\/\/www.mairie-sorbiers.fr\/\" target=\"_blank\" rel=\"noopener noreferrer\">www.mairie-sorbiers.fr<\/a><br \/>\n<strong><br \/>\nLa Trame<\/strong><br \/>\nRue de la Mairie<br \/>\n42650 Saint-Jean-Bonnefonds<br \/>\n<a href=\"http:\/\/www.ville-st-jean-bonnefonds.fr\/\" target=\"_blank\" rel=\"noopener noreferrer\">www.ville-st-jean-bonnefonds.fr<\/a>\n<strong>Superstrat<\/strong><br \/>\n6 avenue Augustin Dupr\u00e9<br \/>\n42000 Saint-\u00c9tienne<br \/>\n<a href=\"https:\/\/www.superstrat.fr\/\" target=\"_blank\" rel=\"noopener noreferrer\">www.superstrat.fr<\/a>\n<strong>Ville de Saint-Chamond<br \/>\n<\/strong>Direction de l&rsquo;Animation et de la Culture<br \/>\n1, place de l&rsquo;H\u00f4tel-Dieu<br \/>\n42400 Saint-Chamond<br \/>\n<a href=\"https:\/\/www.saint-chamond.fr\/culture\/spectacles\/\" target=\"_blank\" rel=\"noopener noreferrer\">www.saint-chamond.fr<\/a>\n<strong>Centre culturel de La Ricamarie<br \/>\n<\/strong>27, avenue Maurice Thorez<br \/>\n42150 La Ricamarie<br \/>\n<a href=\"https:\/\/centre-culturel-laricamarie.fr\/\">https:\/\/centre-culturel-laricamarie.fr\/<\/a>\n<strong>Centre culturel le Sou<\/strong><br \/>\n19, rue Romain Rolland<br \/>\n42350 La Talaudi\u00e8re<br \/>\n<a href=\"https:\/\/www.mairie-la-talaudiere.fr\/loisirs\/les-equipements-culturels\/sou\/\" target=\"_blank\" rel=\"noopener noreferrer\">www.mairie-la-talaudiere.fr\/sou\/<\/a>\n\n","protected":false},"excerpt":{"rendered":"<p>Th\u00e9\u00e2tre du parc 1, avenue du Parc 42160 Andr\u00e9zieux-Bouth\u00e9on www.theatreduparc.com Espace culturel La Buire &#8211; l&rsquo;Horme Place Lanet 42152 L&rsquo;Horme www.ville-horme.fr Saison Culturelle de Monistrol-sur-Loire 9, rue de Chabron 43120 Monistrol-sur-Loire www.mairie-monistrol-sur-loire.fr Th\u00e9\u00e2tre des P\u00e9nitents Place des p\u00e9nitents 42600 Montbrison www.theatredespenitents.fr Chok Th\u00e9\u00e2tre 24, rue Bernard Palissy 42100 Saint-\u00c9tienne www.choktheatre.com Th\u00e9\u00e2tre Le Verso 61, rue&hellip; <a href=\"https:\/\/www.loireenscene.org\/index.php\/15-structures\/\" class=\"more-link\">Lire la suite <span class=\"screen-reader-text\">Nos structures<\/span><\/a><\/p>\n","protected":false},"author":1,"featured_media":0,"parent":0,"menu_order":0,"comment_status":"closed","ping_status":"closed","template":"","meta":{"spay_email":"","footnotes":""},"tags":[],"_links":{"self":[{"href":"https:\/\/www.loireenscene.org\/index.php\/wp-json\/wp\/v2\/pages\/536"}],"collection":[{"href":"https:\/\/www.loireenscene.org\/index.php\/wp-json\/wp\/v2\/pages"}],"about":[{"href":"https:\/\/www.loireenscene.org\/index.php\/wp-json\/wp\/v2\/types\/page"}],"author":[{"embeddable":true,"href":"https:\/\/www.loireenscene.org\/index.php\/wp-json\/wp\/v2\/users\/1"}],"replies":[{"embeddable":true,"href":"https:\/\/www.loireenscene.org\/index.php\/wp-json\/wp\/v2\/comments?post=536"}],"version-history":[{"count":30,"href":"https:\/\/www.loireenscene.org\/index.php\/wp-json\/wp\/v2\/pages\/536\/revisions"}],"predecessor-version":[{"id":3599,"href":"https:\/\/www.loireenscene.org\/index.php\/wp-json\/wp\/v2\/pages\/536\/revisions\/3599"}],"wp:attachment":[{"href":"https:\/\/www.loireenscene.org\/index.php\/wp-json\/wp\/v2\/media?parent=536"}],"wp:term":[{"taxonomy":"post_tag","embeddable":true,"href":"https:\/\/www.loireenscene.org\/index.php\/wp-json\/wp\/v2\/tags?post=536"}],"curies":[{"name":"wp","href":"https:\/\/api.w.org\/{rel}","templated":true}]}}