{"id":540,"date":"2019-06-11T09:24:48","date_gmt":"2019-06-11T07:24:48","guid":{"rendered":"http:\/\/www.loireenscene.org\/?page_id=540"},"modified":"2023-07-17T16:42:34","modified_gmt":"2023-07-17T14:42:34","slug":"nos-missions","status":"publish","type":"page","link":"https:\/\/www.loireenscene.org\/index.php\/nos-missions\/","title":{"rendered":"Nos missions"},"content":{"rendered":"\n\n\t<p>Loire en Sc\u00e8ne se positionne comme :<\/p>\n\n<p>\u00c9changes, partage d&rsquo;exp\u00e9riences et formations autour des enjeux techniques de la profession relevant de la r\u00e9glementation, de la l\u00e9gislation, et de la gestion d&rsquo;un \u00e9quipement culturel.<\/p>\n\n<p>\u00c9changes et partages sur les spectacles vus, les questions artistiques li\u00e9es \u00e0 l&rsquo;\u00e9laboration des projets de chaque \u00e9tablissement ; mise en \u0153uvre de projets mutualis\u00e9s, de partenariats en coproduction, de commandes artistiques et d&rsquo;actions culturelles.<\/p>\n\n<p>\u00c9changes entre membres et avec les institutions partenaires, avec les r\u00e9seaux culturels existants&#8230;<\/p>\n<p>Les membres de l&rsquo;association m\u00e8nent des projets collaboratifs afin de valoriser leur action aupr\u00e8s des publics.<\/p>\n<p>Loire en sc\u00e8ne travaille \u00e0 la promotion\u00a0de deux \u00ab\u00a0saisons\u00a0\u00bb transversales\u00a0:<\/p>\n<ul>\n<li><strong><em>La saison des Matrus <\/em><\/strong>: une plaquette regroupant des spectacles \u00e0 destination du jeune public, \u00e0 retrouver dans les salles du r\u00e9seau.<\/li>\n<li><strong><em>La saison des Cr\u00e9ations <\/em><\/strong>: une pr\u00e9sentation des nouvelles cr\u00e9ations d&rsquo;artistes lig\u00e9riens, \u00e0 d\u00e9couvrir \u00e9galement dans les salles du r\u00e9seau.<\/li>\n<\/ul>\n<p>En parall\u00e8le, le r\u00e9seau organise sur une journ\u00e9e un \u00e9v\u00e9nement professionnel \u00e0 destination des compagnies et des responsables de programmation de la r\u00e9gion Auvergne Rh\u00f4ne Alpes\u00a0:<\/p>\n<ul>\n<li><strong><em>Les Rencontres Professionnelles <\/em><\/strong>: Cette journ\u00e9e de rencontres est n\u00e9e d&rsquo;une volont\u00e9 commune de s&rsquo;engager toujours et encore pour accompagner et soutenir les artistes de notre territoire. Nous renouvelons, chaque ann\u00e9e, notre invitation au r\u00e9seau Le Fusible (Auvergne) dans un esprit d&rsquo;\u00e9changes et de partages. Iels s\u00e9lectionnent une cr\u00e9ation qui leurs semblent pertinente et audacieuse. Iels participent ainsi \u00e0 l&rsquo;\u00e9mergence de jeunes compagnies hors de leur cercle habituel de diffusion.<\/li>\n<\/ul>\n<p>En 2023, <em>Les Rencontres Professionnelles <\/em>(<a href=\"http:\/\/www.loireenscene.org\/index.php\/la-journee-professionnelle\/\">en savoir plus<\/a>) auront lieu du 15 au 17 novembre \u00e0 Sorbiers et La Talaudi\u00e8re.<\/p>\n<p>Bienvenue \u00e0 l&rsquo;ensemble des artistes qui nous pr\u00e9sentent 10 projets en danse, musique et th\u00e9\u00e2tre. Ces spectacles verront le jour au cours de la saison 2024\/2025 sur les plateaux de nos th\u00e9\u00e2tres.<\/p>\n<p>Merci au D\u00e9partement de la Loire qui participe au financement de cette journ\u00e9e. Une journ\u00e9e qui est la vitrine de la vitalit\u00e9 des compagnies et artistes lig\u00e9riens et auvergnats. Elle se veut conviviale, source d&rsquo;\u00e9changes entre artistes, programmateur\u00b7rice\u00b7s et institutions avec, pour finalit\u00e9, le plaisir de partager avec le public des moments forts de spectacles.<\/p>\n\n","protected":false},"excerpt":{"rendered":"<p>Loire en Sc\u00e8ne se positionne comme : \u00c9changes, partage d&rsquo;exp\u00e9riences et formations autour des enjeux techniques de la profession relevant de la r\u00e9glementation, de la l\u00e9gislation, et de la gestion d&rsquo;un \u00e9quipement culturel. \u00c9changes et partages sur les spectacles vus, les questions artistiques li\u00e9es \u00e0 l&rsquo;\u00e9laboration des projets de chaque \u00e9tablissement ; mise en \u0153uvre&hellip; <a href=\"https:\/\/www.loireenscene.org\/index.php\/nos-missions\/\" class=\"more-link\">Lire la suite <span class=\"screen-reader-text\">Nos missions<\/span><\/a><\/p>\n","protected":false},"author":1,"featured_media":0,"parent":0,"menu_order":0,"comment_status":"closed","ping_status":"closed","template":"","meta":{"spay_email":"","footnotes":""},"tags":[],"_links":{"self":[{"href":"https:\/\/www.loireenscene.org\/index.php\/wp-json\/wp\/v2\/pages\/540"}],"collection":[{"href":"https:\/\/www.loireenscene.org\/index.php\/wp-json\/wp\/v2\/pages"}],"about":[{"href":"https:\/\/www.loireenscene.org\/index.php\/wp-json\/wp\/v2\/types\/page"}],"author":[{"embeddable":true,"href":"https:\/\/www.loireenscene.org\/index.php\/wp-json\/wp\/v2\/users\/1"}],"replies":[{"embeddable":true,"href":"https:\/\/www.loireenscene.org\/index.php\/wp-json\/wp\/v2\/comments?post=540"}],"version-history":[{"count":16,"href":"https:\/\/www.loireenscene.org\/index.php\/wp-json\/wp\/v2\/pages\/540\/revisions"}],"predecessor-version":[{"id":3499,"href":"https:\/\/www.loireenscene.org\/index.php\/wp-json\/wp\/v2\/pages\/540\/revisions\/3499"}],"wp:attachment":[{"href":"https:\/\/www.loireenscene.org\/index.php\/wp-json\/wp\/v2\/media?parent=540"}],"wp:term":[{"taxonomy":"post_tag","embeddable":true,"href":"https:\/\/www.loireenscene.org\/index.php\/wp-json\/wp\/v2\/tags?post=540"}],"curies":[{"name":"wp","href":"https:\/\/api.w.org\/{rel}","templated":true}]}}