{"id":542,"date":"2019-06-11T09:25:00","date_gmt":"2019-06-11T07:25:00","guid":{"rendered":"http:\/\/www.loireenscene.org\/?page_id=542"},"modified":"2022-10-03T09:09:33","modified_gmt":"2022-10-03T07:09:33","slug":"les-partenaires","status":"publish","type":"page","link":"https:\/\/www.loireenscene.org\/index.php\/les-partenaires\/","title":{"rendered":"Les partenaires"},"content":{"rendered":"\n\n\t\t\t\t<img loading=\"lazy\" decoding=\"async\" src=\"http:\/\/www.loireenscene.org\/wp-content\/uploads\/2022\/09\/logo_departement_Loire_quadri-300x138.jpg\" alt=\"logo_departement_Loire_quadri\" itemprop=\"image\" height=\"138\" width=\"300\" title=\"logo_departement_Loire_quadri\" onerror=\"this.style.display='none'\"  \/>\n\t<p>Le d\u00e9partement de la Loire soutient le r\u00e9seau Loire en Sc\u00e8ne pour l&rsquo;accompagnement qu&rsquo;il m\u00e8ne aupr\u00e8s des compagnies de son territoire. L&rsquo;ensemble des membres le remercie pour son investissement \u00e0 leurs c\u00f4t\u00e9s.<\/p>\n\t\t\t\t<img loading=\"lazy\" decoding=\"async\" src=\"http:\/\/www.loireenscene.org\/wp-content\/uploads\/2022\/09\/logo-Le-fusible-HD-300x140.jpg\" alt=\"logo Le fusible - HD\" itemprop=\"image\" height=\"140\" width=\"300\" title=\"logo Le fusible - HD\" onerror=\"this.style.display='none'\"  \/>\n<h3>R\u00e9seau Le Fusible<\/h3>\n<p>Administr\u00e9 de mani\u00e8re coll\u00e9giale Le Fusible est une association loi 1901 qui regroupe des professionnels ayant la responsabilit\u00e9 du projet artistique et culturel, notamment par une programmation, d&rsquo;au moins un lieu de diffusion ou de cr\u00e9ation du spectacle vivant, implant\u00e9 dans les d\u00e9partements de l&rsquo;Allier, du Cantal, de la Haute-Loire ou du Puy-de-D\u00f4me.<\/p>\n<p>L&rsquo;ensemble des adh\u00e9rents partage des pr\u00e9occupations communes de d\u00e9fense du service public de la culture, d&rsquo;\u00e9largissement des publics et d&rsquo;aide \u00e0 la cr\u00e9ation avec une attention particuli\u00e8re mais non exclusive aux artistes locaux. \u00a0Il t\u00e9moigne avant tout d&rsquo;une volont\u00e9 de travailler ensemble et de mieux soutenir et accueillir les compagnies. Vous trouverez le d\u00e9tail des objectifs et l&rsquo;esprit qui anime cette association, n\u00e9e de la structuration du r\u00e9seau informel Jeune Public qui regroupait un grand nombre d&rsquo;entre nous.<\/p>\nContact mail:\u00a0\u00a0<a href=\"mailto:reseaulefusible@gmail.com\" target=\"_blank\" rel=\"noopener noreferrer\">reseaulefusible@gmail.<wbr \/>com<\/a>\n\t<p>Adh\u00e9rents\u00a0: Centre culturel La Source\/Volvic, Centre culturel Le Bief, Communaut\u00e9 de communes Ambert Livradois Forez, Communaut\u00e9 de communes du Pays de Saint-Eloy, Communaut\u00e9 de communes Thiers Dore et Montagne, Cour des Trois Coquins\/Clermont-Ferrand, Espace culturel Les Justes\/Le Cendre, La Bascule\/Communaut\u00e9 de communes D\u00f4mes Sancy Artense, Graines de spectacles-Les contre-plong\u00e9es\/Clermont-Ferra<wbr \/>nd, La 2Deuche\/Lempdes, La Coloc&rsquo; de la Culture\/Cournon-d&rsquo;Auvergne, La Passerelle\/Communaut\u00e9 de communes Combrailles Sioule et Morge, Le Cam\u00e9l\u00e9on\/Pont-du-Ch\u00e2teau, Le Geyser\/Bellerive-sur-Allier,\u00a0L<wbr \/>e S\u00e9maphore\/C\u00e9bazat, Les Abattoirs\/Riom, Saison culturelle d\u00e9partementale Impulsions\/Conseil d\u00e9partemental du Puy-de-D\u00f4me, Mond&rsquo;Averne Communaut\u00e9, Th\u00e9\u00e2tre de Cusset, Ville de Beaumont, Ville de Ch\u00e2tel-Guyon, Ville de Gerzat, Ville d&rsquo;Issoire, Ville de Riom, Ville de Romagnat, Ville de Thiers, Yzeurespace \/ Yzeure.<\/p>\n\n","protected":false},"excerpt":{"rendered":"<p>Le d\u00e9partement de la Loire soutient le r\u00e9seau Loire en Sc\u00e8ne pour l&rsquo;accompagnement qu&rsquo;il m\u00e8ne aupr\u00e8s des compagnies de son territoire. L&rsquo;ensemble des membres le remercie pour son investissement \u00e0 leurs c\u00f4t\u00e9s. R\u00e9seau Le Fusible Administr\u00e9 de mani\u00e8re coll\u00e9giale Le Fusible est une association loi 1901 qui regroupe des professionnels ayant la responsabilit\u00e9 du projet&hellip; <a href=\"https:\/\/www.loireenscene.org\/index.php\/les-partenaires\/\" class=\"more-link\">Lire la suite <span class=\"screen-reader-text\">Les partenaires<\/span><\/a><\/p>\n","protected":false},"author":1,"featured_media":0,"parent":0,"menu_order":0,"comment_status":"closed","ping_status":"closed","template":"","meta":{"spay_email":"","footnotes":""},"tags":[],"_links":{"self":[{"href":"https:\/\/www.loireenscene.org\/index.php\/wp-json\/wp\/v2\/pages\/542"}],"collection":[{"href":"https:\/\/www.loireenscene.org\/index.php\/wp-json\/wp\/v2\/pages"}],"about":[{"href":"https:\/\/www.loireenscene.org\/index.php\/wp-json\/wp\/v2\/types\/page"}],"author":[{"embeddable":true,"href":"https:\/\/www.loireenscene.org\/index.php\/wp-json\/wp\/v2\/users\/1"}],"replies":[{"embeddable":true,"href":"https:\/\/www.loireenscene.org\/index.php\/wp-json\/wp\/v2\/comments?post=542"}],"version-history":[{"count":14,"href":"https:\/\/www.loireenscene.org\/index.php\/wp-json\/wp\/v2\/pages\/542\/revisions"}],"predecessor-version":[{"id":3323,"href":"https:\/\/www.loireenscene.org\/index.php\/wp-json\/wp\/v2\/pages\/542\/revisions\/3323"}],"wp:attachment":[{"href":"https:\/\/www.loireenscene.org\/index.php\/wp-json\/wp\/v2\/media?parent=542"}],"wp:term":[{"taxonomy":"post_tag","embeddable":true,"href":"https:\/\/www.loireenscene.org\/index.php\/wp-json\/wp\/v2\/tags?post=542"}],"curies":[{"name":"wp","href":"https:\/\/api.w.org\/{rel}","templated":true}]}}